{"id":1812,"date":"2025-09-02T10:34:04","date_gmt":"2025-09-02T10:34:04","guid":{"rendered":"https:\/\/www.rhythmfoot.pt\/?post_type=product&#038;p=1812"},"modified":"2025-09-12T15:41:26","modified_gmt":"2025-09-12T15:41:26","slug":"kit-formacao","status":"publish","type":"product","link":"https:\/\/www.rhythmfoot.pt\/?product=kit-formacao","title":{"rendered":"Kit Forma\u00e7\u00e3o"},"content":{"rendered":"<p>Kit composto por:<br \/>\nKit Jogo Preto (camisola, cal\u00e7\u00f5es e meias); Kit Jogo Branco (camisola, cal\u00e7\u00f5es e meias); Fato de Treino<\/p>\n","protected":false},"excerpt":{"rendered":"<p>Kit composto por: Kit Jogo Preto (camisola, cal\u00e7\u00f5es e meias); Kit Jogo Branco (camisola, cal\u00e7\u00f5es e meias); Fato de Treino<\/p>\n","protected":false},"featured_media":1814,"comment_status":"open","ping_status":"closed","template":"","meta":[],"product_brand":[],"product_cat":[25],"product_tag":[],"class_list":{"0":"post-1812","1":"product","2":"type-product","3":"status-publish","4":"has-post-thumbnail","6":"product_cat-academica-oaf","8":"first","9":"instock","10":"sold-individually","11":"shipping-taxable","12":"purchasable","13":"product-type-variable"},"_links":{"self":[{"href":"https:\/\/www.rhythmfoot.pt\/index.php?rest_route=\/wp\/v2\/product\/1812","targetHints":{"allow":["GET"]}}],"collection":[{"href":"https:\/\/www.rhythmfoot.pt\/index.php?rest_route=\/wp\/v2\/product"}],"about":[{"href":"https:\/\/www.rhythmfoot.pt\/index.php?rest_route=\/wp\/v2\/types\/product"}],"replies":[{"embeddable":true,"href":"https:\/\/www.rhythmfoot.pt\/index.php?rest_route=%2Fwp%2Fv2%2Fcomments&post=1812"}],"wp:featuredmedia":[{"embeddable":true,"href":"https:\/\/www.rhythmfoot.pt\/index.php?rest_route=\/wp\/v2\/media\/1814"}],"wp:attachment":[{"href":"https:\/\/www.rhythmfoot.pt\/index.php?rest_route=%2Fwp%2Fv2%2Fmedia&parent=1812"}],"wp:term":[{"taxonomy":"product_brand","embeddable":true,"href":"https:\/\/www.rhythmfoot.pt\/index.php?rest_route=%2Fwp%2Fv2%2Fproduct_brand&post=1812"},{"taxonomy":"product_cat","embeddable":true,"href":"https:\/\/www.rhythmfoot.pt\/index.php?rest_route=%2Fwp%2Fv2%2Fproduct_cat&post=1812"},{"taxonomy":"product_tag","embeddable":true,"href":"https:\/\/www.rhythmfoot.pt\/index.php?rest_route=%2Fwp%2Fv2%2Fproduct_tag&post=1812"}],"curies":[{"name":"wp","href":"https:\/\/api.w.org\/{rel}","templated":true}]}}