{"id":515,"date":"2023-09-26T10:06:41","date_gmt":"2023-09-26T10:06:41","guid":{"rendered":"https:\/\/www.rhythmfoot.store\/?post_type=product&#038;p=515"},"modified":"2025-10-14T19:26:23","modified_gmt":"2025-10-14T19:26:23","slug":"bola-puma-orbita-liga-portugal-hybrid-2023-24-2","status":"publish","type":"product","link":"https:\/\/www.rhythmfoot.pt\/?product=bola-puma-orbita-liga-portugal-hybrid-2023-24-2","title":{"rendered":"Bola Puma Orbita Liga Portugal Hybrid 2024-25"},"content":{"rendered":"<p>Constru\u00e7\u00e3o h\u00edbrida: Sem costuras vis\u00edveis para maior durabilidade, maior consist\u00eancia da forma, redu\u00e7\u00e3o da absor\u00e7\u00e3o de \u00e1gua<br \/>\n32 pain\u00e9is com \u00e1rea de superf\u00edcie igual: Ajuda na reten\u00e7\u00e3o da forma.<\/p>\n<p>Externo de PU de 1 mm com suporte multiespuma: toque macio, pot\u00eancia e excelentes caracter\u00edsticas de voo, boa resist\u00eancia \u00e0 abras\u00e3o.<\/p>\n<p>C\u00e2mara de borracha + v\u00e1lvula PAL (Puma Air Lock): Excelente reten\u00e7\u00e3o de ar.<\/p>\n<p>Qualidade FIFA BASIC: Garante um excelente n\u00edvel de desempenho alinhado com os padr\u00f5es internacionais de matchball.<\/p>\n","protected":false},"excerpt":{"rendered":"<p>Constru\u00e7\u00e3o h\u00edbrida: Sem costuras vis\u00edveis para maior durabilidade, maior consist\u00eancia da forma, redu\u00e7\u00e3o da absor\u00e7\u00e3o de \u00e1gua<\/p>\n","protected":false},"featured_media":2151,"comment_status":"open","ping_status":"closed","template":"","meta":[],"product_brand":[],"product_cat":[16],"product_tag":[],"class_list":{"0":"post-515","1":"product","2":"type-product","3":"status-publish","4":"has-post-thumbnail","6":"product_cat-sem-categoria","8":"first","9":"instock","10":"shipping-taxable","11":"purchasable","12":"product-type-simple"},"_links":{"self":[{"href":"https:\/\/www.rhythmfoot.pt\/index.php?rest_route=\/wp\/v2\/product\/515","targetHints":{"allow":["GET"]}}],"collection":[{"href":"https:\/\/www.rhythmfoot.pt\/index.php?rest_route=\/wp\/v2\/product"}],"about":[{"href":"https:\/\/www.rhythmfoot.pt\/index.php?rest_route=\/wp\/v2\/types\/product"}],"replies":[{"embeddable":true,"href":"https:\/\/www.rhythmfoot.pt\/index.php?rest_route=%2Fwp%2Fv2%2Fcomments&post=515"}],"wp:featuredmedia":[{"embeddable":true,"href":"https:\/\/www.rhythmfoot.pt\/index.php?rest_route=\/wp\/v2\/media\/2151"}],"wp:attachment":[{"href":"https:\/\/www.rhythmfoot.pt\/index.php?rest_route=%2Fwp%2Fv2%2Fmedia&parent=515"}],"wp:term":[{"taxonomy":"product_brand","embeddable":true,"href":"https:\/\/www.rhythmfoot.pt\/index.php?rest_route=%2Fwp%2Fv2%2Fproduct_brand&post=515"},{"taxonomy":"product_cat","embeddable":true,"href":"https:\/\/www.rhythmfoot.pt\/index.php?rest_route=%2Fwp%2Fv2%2Fproduct_cat&post=515"},{"taxonomy":"product_tag","embeddable":true,"href":"https:\/\/www.rhythmfoot.pt\/index.php?rest_route=%2Fwp%2Fv2%2Fproduct_tag&post=515"}],"curies":[{"name":"wp","href":"https:\/\/api.w.org\/{rel}","templated":true}]}}